{"id":11,"date":"2024-09-21T12:25:41","date_gmt":"2024-09-21T12:25:41","guid":{"rendered":"https:\/\/kamilagrzypek.pl\/?page_id=11"},"modified":"2024-09-21T14:55:56","modified_gmt":"2024-09-21T12:55:56","slug":"about","status":"publish","type":"page","link":"https:\/\/kamilagrzypek.pl\/?page_id=11","title":{"rendered":"O mnie"},"content":{"rendered":"\n<p><\/p>\n\n\n\n<p>Witaj!<\/p>\n\n\n\n<p>Bardzo si\u0119 ciesz\u0119, \u017ce pojawi\u0142a si\u0119 w Tobie ciekawo\u015b\u0107 i ch\u0119\u0107 na zmian\u0119. Jestem pewna, \u017ce b\u0119d\u0119 mog\u0142a Ci pom\u00f3c<\/p>\n\n\n\n<p>Mam na imi\u0119 Kamila i jestem wykwalifikowan\u0105 hipnoterapeutk\u0105.<\/p>\n\n\n\n<p>Twoje i moje \u017cycie bogate jest w r\u00f3\u017cnorodne do\u015bwiadczenia. Nie wszystkie s\u0105 przyjemne, ale wszystkie mog\u0105 by\u0107 buduj\u0105ce. Moja droga od zawsze przepe\u0142niona by\u0142a psychologi\u0105 i psychoterapi\u0105. Zacz\u0119\u0142am od w\u0142asnego zdrowienia i budowania si\u0142y wewn\u0119trznej a dotar\u0142am do wspomagania w rozwoju innych ludzi, takich jak Ty.<\/p>\n\n\n\n<p>Uwielbiam szybkie, konkretne i trwa\u0142e rozwi\u0105zania. Dlatego jako narz\u0119dzie pracy wybra\u0142am hipnoterapi\u0119 . W swoim warsztacie stawiam na sprawdzone naukowo metody, dlatego \u0142\u0105cz\u0119 elementy terapii poznawczo-behawioralnej oraz terapii skoncentrowanej na rozwi\u0105zaniach z metodami hipnotycznymi.<\/p>\n\n\n\n<p>Dla mnie osobi\u015bcie hipnoza, hipnoterapia oraz praca w trainingu mentalnym jest pasj\u0105, moj\u0105 prawdziw\u0105 i ukochan\u0105 zajawk\u0105, moim hobby. Mog\u0142abym o tym rozmawia\u0107 godzinami. To powietrze , kt\u00f3rym oddycham. J\u0119zyk komunikacji jakim si\u0119 pos\u0142uguj\u0119. Okulary, przez kt\u00f3re ogl\u0105dam \u015bwiat. A wszystko dlatego, \u017ce mi samej uda\u0142o si\u0119 osi\u0105gn\u0105\u0107 harmoni\u0119 na poziomie fizycznym, emocjonalnym i duchowym w\u0142a\u015bnie dzi\u0119ki hipnoterapii.<\/p>\n","protected":false},"excerpt":{"rendered":"<p>Witaj! Bardzo si\u0119 ciesz\u0119, \u017ce pojawi\u0142a si\u0119 w Tobie ciekawo\u015b\u0107 i ch\u0119\u0107 na zmian\u0119. Jestem pewna, \u017ce b\u0119d\u0119 mog\u0142a Ci pom\u00f3c Mam na imi\u0119 Kamila i jestem wykwalifikowan\u0105 hipnoterapeutk\u0105. Twoje i moje \u017cycie bogate jest w r\u00f3\u017cnorodne do\u015bwiadczenia. Nie wszystkie s\u0105 przyjemne, ale wszystkie mog\u0105 by\u0107 buduj\u0105ce. Moja droga od zawsze przepe\u0142niona by\u0142a psychologi\u0105 i &hellip; <\/p>\n<p class=\"link-more\"><a href=\"https:\/\/kamilagrzypek.pl\/?page_id=11\" class=\"more-link\">Czytaj dalej<span class=\"screen-reader-text\"> \u201eO mnie\u201d<\/span><\/a><\/p>\n","protected":false},"author":1,"featured_media":32,"parent":0,"menu_order":0,"comment_status":"closed","ping_status":"closed","template":"","meta":{"footnotes":""},"class_list":["post-11","page","type-page","status-publish","has-post-thumbnail","hentry"],"_links":{"self":[{"href":"https:\/\/kamilagrzypek.pl\/index.php?rest_route=\/wp\/v2\/pages\/11","targetHints":{"allow":["GET"]}}],"collection":[{"href":"https:\/\/kamilagrzypek.pl\/index.php?rest_route=\/wp\/v2\/pages"}],"about":[{"href":"https:\/\/kamilagrzypek.pl\/index.php?rest_route=\/wp\/v2\/types\/page"}],"author":[{"embeddable":true,"href":"https:\/\/kamilagrzypek.pl\/index.php?rest_route=\/wp\/v2\/users\/1"}],"replies":[{"embeddable":true,"href":"https:\/\/kamilagrzypek.pl\/index.php?rest_route=%2Fwp%2Fv2%2Fcomments&post=11"}],"version-history":[{"count":5,"href":"https:\/\/kamilagrzypek.pl\/index.php?rest_route=\/wp\/v2\/pages\/11\/revisions"}],"predecessor-version":[{"id":46,"href":"https:\/\/kamilagrzypek.pl\/index.php?rest_route=\/wp\/v2\/pages\/11\/revisions\/46"}],"wp:featuredmedia":[{"embeddable":true,"href":"https:\/\/kamilagrzypek.pl\/index.php?rest_route=\/wp\/v2\/media\/32"}],"wp:attachment":[{"href":"https:\/\/kamilagrzypek.pl\/index.php?rest_route=%2Fwp%2Fv2%2Fmedia&parent=11"}],"curies":[{"name":"wp","href":"https:\/\/api.w.org\/{rel}","templated":true}]}}