{"id":12,"date":"2024-09-21T12:25:41","date_gmt":"2024-09-21T12:25:41","guid":{"rendered":"https:\/\/kamilagrzypek.pl\/?page_id=12"},"modified":"2024-09-21T15:08:37","modified_gmt":"2024-09-21T13:08:37","slug":"contact","status":"publish","type":"page","link":"https:\/\/kamilagrzypek.pl\/?page_id=12","title":{"rendered":"Kontakt &#8211; dane firmy"},"content":{"rendered":"\n<p><\/p>\n\n\n\n<div class=\"wp-block-group\"><div class=\"wp-block-group__inner-container is-layout-constrained wp-block-group-is-layout-constrained\">\n<div class=\"wp-block-group is-vertical is-layout-flex wp-container-core-group-is-layout-8cf370e7 wp-block-group-is-layout-flex\">\n<p>MundoMio Kamila Grzypek<\/p>\n\n\n\n<p>ul. Stru\u017ca\u0144ska 96<\/p>\n\n\n\n<p>05-126 K\u0105ty W\u0119gierskie<\/p>\n\n\n\n<p>NIP:<\/p>\n\n\n\n<p>REGON:<\/p>\n<\/div>\n\n\n\n<p><\/p>\n<\/div><\/div>\n\n\n\n<p><\/p>\n","protected":false},"excerpt":{"rendered":"<p>MundoMio Kamila Grzypek ul. Stru\u017ca\u0144ska 96 05-126 K\u0105ty W\u0119gierskie NIP: REGON:<\/p>\n","protected":false},"author":1,"featured_media":38,"parent":0,"menu_order":0,"comment_status":"closed","ping_status":"closed","template":"","meta":{"footnotes":""},"class_list":["post-12","page","type-page","status-publish","has-post-thumbnail","hentry"],"_links":{"self":[{"href":"https:\/\/kamilagrzypek.pl\/index.php?rest_route=\/wp\/v2\/pages\/12","targetHints":{"allow":["GET"]}}],"collection":[{"href":"https:\/\/kamilagrzypek.pl\/index.php?rest_route=\/wp\/v2\/pages"}],"about":[{"href":"https:\/\/kamilagrzypek.pl\/index.php?rest_route=\/wp\/v2\/types\/page"}],"author":[{"embeddable":true,"href":"https:\/\/kamilagrzypek.pl\/index.php?rest_route=\/wp\/v2\/users\/1"}],"replies":[{"embeddable":true,"href":"https:\/\/kamilagrzypek.pl\/index.php?rest_route=%2Fwp%2Fv2%2Fcomments&post=12"}],"version-history":[{"count":5,"href":"https:\/\/kamilagrzypek.pl\/index.php?rest_route=\/wp\/v2\/pages\/12\/revisions"}],"predecessor-version":[{"id":59,"href":"https:\/\/kamilagrzypek.pl\/index.php?rest_route=\/wp\/v2\/pages\/12\/revisions\/59"}],"wp:featuredmedia":[{"embeddable":true,"href":"https:\/\/kamilagrzypek.pl\/index.php?rest_route=\/wp\/v2\/media\/38"}],"wp:attachment":[{"href":"https:\/\/kamilagrzypek.pl\/index.php?rest_route=%2Fwp%2Fv2%2Fmedia&parent=12"}],"curies":[{"name":"wp","href":"https:\/\/api.w.org\/{rel}","templated":true}]}}